{"id":50,"date":"2025-03-06T16:43:59","date_gmt":"2025-03-06T16:43:59","guid":{"rendered":"https:\/\/huwagner.com\/about\/"},"modified":"2025-05-13T11:46:30","modified_gmt":"2025-05-13T11:46:30","slug":"about-us","status":"publish","type":"page","link":"https:\/\/huwagner.com\/en\/about-us\/","title":{"rendered":"About Us"},"content":{"rendered":"\t\t<div data-elementor-type=\"wp-page\" data-elementor-id=\"50\" class=\"elementor elementor-50\" data-elementor-post-type=\"page\">\n\t\t\t\t<div class=\"elementor-element elementor-element-12ecec7f e-flex e-con-boxed e-con e-parent\" data-id=\"12ecec7f\" data-element_type=\"container\" data-e-type=\"container\">\n\t\t\t\t\t<div class=\"e-con-inner\">\n\t\t<div class=\"elementor-element elementor-element-2b6c4ade e-con-full e-flex e-con e-child\" data-id=\"2b6c4ade\" data-element_type=\"container\" data-e-type=\"container\">\n\t\t\t\t<div class=\"elementor-element elementor-element-422dd1ba elementor-widget__width-initial elementor-absolute elementor-widget elementor-widget-spacer\" data-id=\"422dd1ba\" data-element_type=\"widget\" data-e-type=\"widget\" data-settings=\"{&quot;_position&quot;:&quot;absolute&quot;}\" data-widget_type=\"spacer.default\">\n\t\t\t\t<div class=\"elementor-widget-container\">\n\t\t\t\t\t\t\t<div class=\"elementor-spacer\">\n\t\t\t<div class=\"elementor-spacer-inner\"><\/div>\n\t\t<\/div>\n\t\t\t\t\t\t<\/div>\n\t\t\t\t<\/div>\n\t\t\t\t<div class=\"elementor-element elementor-element-322184e5 elementor-invisible elementor-widget elementor-widget-heading\" data-id=\"322184e5\" data-element_type=\"widget\" data-e-type=\"widget\" data-settings=\"{&quot;_animation&quot;:&quot;fadeInUp&quot;}\" data-widget_type=\"heading.default\">\n\t\t\t\t<div class=\"elementor-widget-container\">\n\t\t\t\t\t<h3 class=\"elementor-heading-title elementor-size-default\">Erfahrung, der Sie vertrauen k\u00f6nnen<\/h3>\t\t\t\t<\/div>\n\t\t\t\t<\/div>\n\t\t\t\t<div class=\"elementor-element elementor-element-6fcec10 elementor-widget elementor-widget-heading\" data-id=\"6fcec10\" data-element_type=\"widget\" data-e-type=\"widget\" data-widget_type=\"heading.default\">\n\t\t\t\t<div class=\"elementor-widget-container\">\n\t\t\t\t\t<h1 class=\"elementor-heading-title elementor-size-default\">Jahrzehntelange Erfahrung<\/h1>\t\t\t\t<\/div>\n\t\t\t\t<\/div>\n\t\t\t\t<div class=\"elementor-element elementor-element-50d15f58 elementor-widget elementor-widget-text-editor\" data-id=\"50d15f58\" data-element_type=\"widget\" data-e-type=\"widget\" data-widget_type=\"text-editor.default\">\n\t\t\t\t<div class=\"elementor-widget-container\">\n\t\t\t\t\t\t\t\t\t<p>Mit jahrelanger Praxis und tiefem Verst\u00e4ndnis des Rechts bieten wir vertrauensw\u00fcrdige rechtliche Expertise. Unsere Erfahrung erm\u00f6glicht es uns, komplexe F\u00e4lle mit Vertrauen zu meistern und die bestm\u00f6glichen Ergebnisse f\u00fcr unsere Mandanten zu erzielen.<\/p>\t\t\t\t\t\t\t\t<\/div>\n\t\t\t\t<\/div>\n\t\t\t\t<\/div>\n\t\t<div class=\"elementor-element elementor-element-7a97840a e-con-full e-flex e-con e-child\" data-id=\"7a97840a\" data-element_type=\"container\" data-e-type=\"container\" data-settings=\"{&quot;background_background&quot;:&quot;classic&quot;}\">\n\t\t\t\t<\/div>\n\t\t\t\t\t<\/div>\n\t\t\t\t<\/div>\n\t\t<div class=\"elementor-element elementor-element-3a09d88 e-flex e-con-boxed e-con e-parent\" data-id=\"3a09d88\" data-element_type=\"container\" data-e-type=\"container\">\n\t\t\t\t\t<div class=\"e-con-inner\">\n\t\t<div class=\"elementor-element elementor-element-79a1c613 e-con-full e-flex e-con e-child\" data-id=\"79a1c613\" data-element_type=\"container\" data-e-type=\"container\">\n\t\t\t\t<div class=\"elementor-element elementor-element-e145a72 elementor-widget elementor-widget-image\" data-id=\"e145a72\" data-element_type=\"widget\" data-e-type=\"widget\" data-widget_type=\"image.default\">\n\t\t\t\t<div class=\"elementor-widget-container\">\n\t\t\t\t\t\t\t\t\t\t\t\t\t\t\t<img fetchpriority=\"high\" decoding=\"async\" width=\"415\" height=\"473\" src=\"https:\/\/huwagner.com\/wp-content\/uploads\/2025\/03\/AboutPage-Img_2.jpg\" class=\"attachment-full size-full wp-image-52\" alt=\"\" srcset=\"https:\/\/huwagner.com\/wp-content\/uploads\/2025\/03\/AboutPage-Img_2.jpg 415w, https:\/\/huwagner.com\/wp-content\/uploads\/2025\/03\/AboutPage-Img_2-263x300.jpg 263w\" sizes=\"(max-width: 415px) 100vw, 415px\" \/>\t\t\t\t\t\t\t\t\t\t\t\t\t\t\t<\/div>\n\t\t\t\t<\/div>\n\t\t\t\t<\/div>\n\t\t<div class=\"elementor-element elementor-element-370c896d e-con-full e-flex e-con e-child\" data-id=\"370c896d\" data-element_type=\"container\" data-e-type=\"container\">\n\t\t\t\t<div class=\"elementor-element elementor-element-90c7cce elementor-widget elementor-widget-text-editor\" data-id=\"90c7cce\" data-element_type=\"widget\" data-e-type=\"widget\" data-widget_type=\"text-editor.default\">\n\t\t\t\t<div class=\"elementor-widget-container\">\n\t\t\t\t\t\t\t\t\t<p>Seit Jahrzehnten vertreten wir unsere Mandanten in Gerichtss\u00e4len in ganz \u00d6sterreich mit Hingabe und Expertise. Vom \u00f6rtlichen Bezirksgericht bis hin zu den H\u00f6chstgerichten haben wir unerm\u00fcdlich f\u00fcr Gerechtigkeit gek\u00e4mpft und stets das bestm\u00f6gliche Ergebnis angestrebt.<\/p><p>Jeder Fall ist einzigartig, und jeder rechtliche Streit hat unsere F\u00e4higkeiten gesch\u00e4rft, unser Wissen vertieft und unser Engagement f\u00fcr das Recht gest\u00e4rkt. Wir haben Einzelpersonen, Unternehmen und Organisationen erfolgreich durch komplexe Rechtsstreitigkeiten gef\u00fchrt und daf\u00fcr gesorgt, dass ihre Rechte gesch\u00fctzt und ihre Stimmen geh\u00f6rt werden.<\/p><p>Unsere Erfahrung misst sich nicht nur in Jahren, sondern in den Tausenden von F\u00e4llen, die wir bearbeitet haben, den Herausforderungen, die wir \u00fcberwunden haben, und dem Vertrauen, das unsere Mandanten in uns setzen. Wenn Sie sich f\u00fcr uns entscheiden, entscheiden Sie sich f\u00fcr ein rechtliches Team, das das System in- und auswendig kennt und mit Vertrauen, Strategie und Entschlossenheit an Ihrer Seite steht.<\/p>\t\t\t\t\t\t\t\t<\/div>\n\t\t\t\t<\/div>\n\t\t\t\t<\/div>\n\t\t\t\t\t<\/div>\n\t\t\t\t<\/div>\n\t\t<div class=\"elementor-element elementor-element-6ee2c967 e-flex e-con-boxed e-con e-parent\" data-id=\"6ee2c967\" data-element_type=\"container\" data-e-type=\"container\">\n\t\t\t\t\t<div class=\"e-con-inner\">\n\t\t<div class=\"elementor-element elementor-element-601783bc e-flex e-con-boxed e-con e-child\" data-id=\"601783bc\" data-element_type=\"container\" data-e-type=\"container\">\n\t\t\t\t\t<div class=\"e-con-inner\">\n\t\t\t\t<div class=\"elementor-element elementor-element-651029f5 elementor-widget__width-initial elementor-invisible elementor-widget elementor-widget-heading\" data-id=\"651029f5\" data-element_type=\"widget\" data-e-type=\"widget\" data-settings=\"{&quot;_animation&quot;:&quot;fadeInUp&quot;}\" data-widget_type=\"heading.default\">\n\t\t\t\t<div class=\"elementor-widget-container\">\n\t\t\t\t\t<h3 class=\"elementor-heading-title elementor-size-default\">Kommen Sie nicht von Ihrem Standpunkt ab, wenn es am wichtigsten ist.<\/h3>\t\t\t\t<\/div>\n\t\t\t\t<\/div>\n\t\t\t\t<div class=\"elementor-element elementor-element-4812f63 elementor-widget__width-initial elementor-widget elementor-widget-heading\" data-id=\"4812f63\" data-element_type=\"widget\" data-e-type=\"widget\" data-widget_type=\"heading.default\">\n\t\t\t\t<div class=\"elementor-widget-container\">\n\t\t\t\t\t<h2 class=\"elementor-heading-title elementor-size-default\">Warum Sie uns w\u00e4hlen sollten<\/h2>\t\t\t\t<\/div>\n\t\t\t\t<\/div>\n\t\t\t\t\t<\/div>\n\t\t\t\t<\/div>\n\t\t<div class=\"elementor-element elementor-element-96f1ece e-con-full e-flex e-con e-child\" data-id=\"96f1ece\" data-element_type=\"container\" data-e-type=\"container\">\n\t\t<div class=\"elementor-element elementor-element-62ec01f7 e-con-full e-flex e-con e-child\" data-id=\"62ec01f7\" data-element_type=\"container\" data-e-type=\"container\" data-settings=\"{&quot;background_background&quot;:&quot;classic&quot;}\">\n\t\t\t\t<div class=\"elementor-element elementor-element-71785fec elementor-widget elementor-widget-heading\" data-id=\"71785fec\" data-element_type=\"widget\" data-e-type=\"widget\" data-widget_type=\"heading.default\">\n\t\t\t\t<div class=\"elementor-widget-container\">\n\t\t\t\t\t<h3 class=\"elementor-heading-title elementor-size-default\">01<\/h3>\t\t\t\t<\/div>\n\t\t\t\t<\/div>\n\t\t\t\t<div class=\"elementor-element elementor-element-313e9fc8 elementor-widget elementor-widget-icon-box\" data-id=\"313e9fc8\" data-element_type=\"widget\" data-e-type=\"widget\" data-widget_type=\"icon-box.default\">\n\t\t\t\t<div class=\"elementor-widget-container\">\n\t\t\t\t\t\t\t<div class=\"elementor-icon-box-wrapper\">\n\n\t\t\t\n\t\t\t\t\t\t<div class=\"elementor-icon-box-content\">\n\n\t\t\t\t\t\t\t\t\t<h4 class=\"elementor-icon-box-title\">\n\t\t\t\t\t\t<span  >\n\t\t\t\t\t\t\tRechtliches Fachwissen\t\t\t\t\t\t<\/span>\n\t\t\t\t\t<\/h4>\n\t\t\t\t\n\t\t\t\t\t\t\t\t\t<p class=\"elementor-icon-box-description\">\n\t\t\t\t\t\tMit jahrelanger Erfahrung meistern wir rechtliche Herausforderungen effizient und finden die besten L\u00f6sungen f\u00fcr Ihre Bed\u00fcrfnisse. Ob Vertr\u00e4ge, Streitigkeiten oder rechtliche Vertretung \u2013 Sie k\u00f6nnen auf unsere Expertise vertrauen.\t\t\t\t\t<\/p>\n\t\t\t\t\n\t\t\t<\/div>\n\t\t\t\n\t\t<\/div>\n\t\t\t\t\t\t<\/div>\n\t\t\t\t<\/div>\n\t\t\t\t<\/div>\n\t\t<div class=\"elementor-element elementor-element-1916a87f e-con-full e-flex e-con e-child\" data-id=\"1916a87f\" data-element_type=\"container\" data-e-type=\"container\" data-settings=\"{&quot;background_background&quot;:&quot;classic&quot;}\">\n\t\t\t\t<div class=\"elementor-element elementor-element-7f5fab4e elementor-widget elementor-widget-heading\" data-id=\"7f5fab4e\" data-element_type=\"widget\" data-e-type=\"widget\" data-widget_type=\"heading.default\">\n\t\t\t\t<div class=\"elementor-widget-container\">\n\t\t\t\t\t<h3 class=\"elementor-heading-title elementor-size-default\">02<\/h3>\t\t\t\t<\/div>\n\t\t\t\t<\/div>\n\t\t\t\t<div class=\"elementor-element elementor-element-2cbfd7db elementor-widget elementor-widget-icon-box\" data-id=\"2cbfd7db\" data-element_type=\"widget\" data-e-type=\"widget\" data-widget_type=\"icon-box.default\">\n\t\t\t\t<div class=\"elementor-widget-container\">\n\t\t\t\t\t\t\t<div class=\"elementor-icon-box-wrapper\">\n\n\t\t\t\n\t\t\t\t\t\t<div class=\"elementor-icon-box-content\">\n\n\t\t\t\t\t\t\t\t\t<h4 class=\"elementor-icon-box-title\">\n\t\t\t\t\t\t<span  >\n\t\t\t\t\t\t\tKlare Beratung\t\t\t\t\t\t<\/span>\n\t\t\t\t\t<\/h4>\n\t\t\t\t\n\t\t\t\t\t\t\t\t\t<p class=\"elementor-icon-box-description\">\n\t\t\t\t\t\tRechtliche Angelegenheiten k\u00f6nnen komplex sein, aber unsere Beratung ist immer klar und verst\u00e4ndlich. Wir erkl\u00e4ren Ihre Optionen deutlich, damit Sie fundierte Entscheidungen mit Vertrauen treffen k\u00f6nnen.\t\t\t\t\t<\/p>\n\t\t\t\t\n\t\t\t<\/div>\n\t\t\t\n\t\t<\/div>\n\t\t\t\t\t\t<\/div>\n\t\t\t\t<\/div>\n\t\t\t\t<\/div>\n\t\t<div class=\"elementor-element elementor-element-26075c24 e-con-full e-flex e-con e-child\" data-id=\"26075c24\" data-element_type=\"container\" data-e-type=\"container\" data-settings=\"{&quot;background_background&quot;:&quot;classic&quot;}\">\n\t\t\t\t<div class=\"elementor-element elementor-element-5543800a elementor-widget elementor-widget-heading\" data-id=\"5543800a\" data-element_type=\"widget\" data-e-type=\"widget\" data-widget_type=\"heading.default\">\n\t\t\t\t<div class=\"elementor-widget-container\">\n\t\t\t\t\t<h3 class=\"elementor-heading-title elementor-size-default\">03<\/h3>\t\t\t\t<\/div>\n\t\t\t\t<\/div>\n\t\t\t\t<div class=\"elementor-element elementor-element-79d1e6c9 elementor-widget elementor-widget-icon-box\" data-id=\"79d1e6c9\" data-element_type=\"widget\" data-e-type=\"widget\" data-widget_type=\"icon-box.default\">\n\t\t\t\t<div class=\"elementor-widget-container\">\n\t\t\t\t\t\t\t<div class=\"elementor-icon-box-wrapper\">\n\n\t\t\t\n\t\t\t\t\t\t<div class=\"elementor-icon-box-content\">\n\n\t\t\t\t\t\t\t\t\t<h4 class=\"elementor-icon-box-title\">\n\t\t\t\t\t\t<span  >\n\t\t\t\t\t\t\tStarke Unterst\u00fctzung\t\t\t\t\t\t<\/span>\n\t\t\t\t\t<\/h4>\n\t\t\t\t\n\t\t\t\t\t\t\t\t\t<p class=\"elementor-icon-box-description\">\n\t\t\t\t\t\tWir setzen uns daf\u00fcr ein, Ihre Rechte und Interessen zu sch\u00fctzen. Vom ersten Beratungsgespr\u00e4ch bis zur endg\u00fcltigen L\u00f6sung stehen wir Ihnen zur Seite und bieten zuverl\u00e4ssige sowie ergebnisorientierte Vertretung.\t\t\t\t\t<\/p>\n\t\t\t\t\n\t\t\t<\/div>\n\t\t\t\n\t\t<\/div>\n\t\t\t\t\t\t<\/div>\n\t\t\t\t<\/div>\n\t\t\t\t<\/div>\n\t\t\t\t<\/div>\n\t\t\t\t\t<\/div>\n\t\t\t\t<\/div>\n\t\t<div class=\"elementor-element elementor-element-2a232f71 e-flex e-con-boxed e-con e-parent\" data-id=\"2a232f71\" data-element_type=\"container\" data-e-type=\"container\" data-settings=\"{&quot;background_background&quot;:&quot;classic&quot;}\">\n\t\t\t\t\t<div class=\"e-con-inner\">\n\t\t\t\t<div class=\"elementor-element elementor-element-5bbeb97a elementor-widget-mobile__width-inherit elementor-widget elementor-widget-image\" data-id=\"5bbeb97a\" data-element_type=\"widget\" data-e-type=\"widget\" data-settings=\"{&quot;motion_fx_motion_fx_scrolling&quot;:&quot;yes&quot;,&quot;motion_fx_translateY_effect&quot;:&quot;yes&quot;,&quot;motion_fx_translateY_direction&quot;:&quot;negative&quot;,&quot;motion_fx_translateY_affectedRange&quot;:{&quot;unit&quot;:&quot;%&quot;,&quot;size&quot;:&quot;&quot;,&quot;sizes&quot;:{&quot;start&quot;:50,&quot;end&quot;:100}},&quot;motion_fx_devices&quot;:[&quot;desktop&quot;,&quot;tablet&quot;],&quot;motion_fx_translateY_speed&quot;:{&quot;unit&quot;:&quot;px&quot;,&quot;size&quot;:4,&quot;sizes&quot;:[]}}\" data-widget_type=\"image.default\">\n\t\t\t\t<div class=\"elementor-widget-container\">\n\t\t\t\t\t\t\t\t\t\t\t\t\t\t\t<img decoding=\"async\" src=\"https:\/\/huwagner.com\/wp-content\/uploads\/elementor\/thumbs\/ogh-r2mco96bn9yalpbfhdpaqrw40qfec6kdxnscr41ldm.png\" title=\"ogh\" alt=\"ogh\" loading=\"lazy\" \/>\t\t\t\t\t\t\t\t\t\t\t\t\t\t\t<\/div>\n\t\t\t\t<\/div>\n\t\t<div class=\"elementor-element elementor-element-1ada8da e-con-full e-flex e-con e-child\" data-id=\"1ada8da\" data-element_type=\"container\" data-e-type=\"container\">\n\t\t\t\t<div class=\"elementor-element elementor-element-6aeb3a9f elementor-view-default elementor-widget elementor-widget-icon\" data-id=\"6aeb3a9f\" data-element_type=\"widget\" data-e-type=\"widget\" data-widget_type=\"icon.default\">\n\t\t\t\t<div class=\"elementor-widget-container\">\n\t\t\t\t\t\t\t<div class=\"elementor-icon-wrapper\">\n\t\t\t<div class=\"elementor-icon\">\n\t\t\t<svg xmlns=\"http:\/\/www.w3.org\/2000\/svg\" id=\"b6b99215-d66d-4f7d-a117-50d54656b3dc\" data-name=\"Layer 1\" width=\"40.44\" height=\"30\" viewBox=\"0 0 40.44 30\"><path d=\"M18.9418,4.2,17.0218.12A20.6584,20.6584,0,0,0,9.5818,3a19.0428,19.0428,0,0,0-5.16,4.56,18.8872,18.8872,0,0,0-3.12,5.52,19.59,19.59,0,0,0-.96,6q0,5.16,3.12,7.92a12.36,12.36,0,0,0,7.32,3.12,6.664,6.664,0,0,0,2.64-.96,11.42,11.42,0,0,0,2.52-2.28,9.3657,9.3657,0,0,0,1.56-3.24,7.3257,7.3257,0,0,0,0-3.72q-1.8-.6-4.2-1.68a20.3977,20.3977,0,0,1-3.72-2.28,8.7658,8.7658,0,0,1,2.04-7.44A16.9939,16.9939,0,0,1,18.9418,4.2Z\" transform=\"translate(-0.3418 -0.1201)\"><\/path><path d=\"M35.1418,18.24a20.3977,20.3977,0,0,1-3.72-2.28,8.7658,8.7658,0,0,1,2.04-7.44,16.9939,16.9939,0,0,1,7.32-4.32L38.8618.12A20.6584,20.6584,0,0,0,31.4218,3a19.9767,19.9767,0,0,0-8.28,10.08,19.59,19.59,0,0,0-.96,6q0,5.16,3.12,7.92a12.36,12.36,0,0,0,7.32,3.12,6.664,6.664,0,0,0,2.64-.96,11.42,11.42,0,0,0,2.52-2.28,9.3657,9.3657,0,0,0,1.56-3.24,7.3257,7.3257,0,0,0,0-3.72Q37.5418,19.32,35.1418,18.24Z\" transform=\"translate(-0.3418 -0.1201)\"><\/path><\/svg>\t\t\t<\/div>\n\t\t<\/div>\n\t\t\t\t\t\t<\/div>\n\t\t\t\t<\/div>\n\t\t\t\t<div class=\"elementor-element elementor-element-14a5fe34 elementor-widget elementor-widget-heading\" data-id=\"14a5fe34\" data-element_type=\"widget\" data-e-type=\"widget\" data-widget_type=\"heading.default\">\n\t\t\t\t<div class=\"elementor-widget-container\">\n\t\t\t\t\t<h3 class=\"elementor-heading-title elementor-size-default\">Wir werden so hart k\u00e4mpfen, wie es f\u00fcr unsere Mandanten notwendig ist.<\/h3>\t\t\t\t<\/div>\n\t\t\t\t<\/div>\n\t\t\t\t<div class=\"elementor-element elementor-element-586ec18f elementor-widget__width-auto e-transform elementor-widget-divider--view-line elementor-invisible elementor-widget elementor-widget-divider\" data-id=\"586ec18f\" data-element_type=\"widget\" data-e-type=\"widget\" data-settings=\"{&quot;_transform_rotateZ_effect&quot;:{&quot;unit&quot;:&quot;px&quot;,&quot;size&quot;:90,&quot;sizes&quot;:[]},&quot;_animation&quot;:&quot;fadeInUp&quot;,&quot;_transform_rotateZ_effect_tablet&quot;:{&quot;unit&quot;:&quot;deg&quot;,&quot;size&quot;:&quot;&quot;,&quot;sizes&quot;:[]},&quot;_transform_rotateZ_effect_mobile&quot;:{&quot;unit&quot;:&quot;deg&quot;,&quot;size&quot;:&quot;&quot;,&quot;sizes&quot;:[]}}\" data-widget_type=\"divider.default\">\n\t\t\t\t<div class=\"elementor-widget-container\">\n\t\t\t\t\t\t\t<div class=\"elementor-divider\">\n\t\t\t<span class=\"elementor-divider-separator\">\n\t\t\t\t\t\t<\/span>\n\t\t<\/div>\n\t\t\t\t\t\t<\/div>\n\t\t\t\t<\/div>\n\t\t\t\t<div class=\"elementor-element elementor-element-743940e7 elementor-widget elementor-widget-text-editor\" data-id=\"743940e7\" data-element_type=\"widget\" data-e-type=\"widget\" data-widget_type=\"text-editor.default\">\n\t\t\t\t<div class=\"elementor-widget-container\">\n\t\t\t\t\t\t\t\t\t<h4 data-start=\"63\" data-end=\"106\">Unerm\u00fcdliches Engagement f\u00fcr Gerechtigkeit<\/h4><p data-start=\"107\" data-end=\"454\">Jeder Fall verdient unersch\u00fctterliche Hingabe. Wir weichen nicht zur\u00fcck, wenn es darum geht, die Rechte unserer Mandanten zu sch\u00fctzen. Ob bei komplexen Rechtsstreitigkeiten, schwierigen Verhandlungen oder Gerichtsverfahren \u2013 wir stehen fest, bereit, so hart zu k\u00e4mpfen, wie es n\u00f6tig ist. Unser Ansatz ist strategisch, fokussiert und entschlossen \u2013 denn Ihr Fall z\u00e4hlt, und ebenso das Ergebnis.<\/p>\t\t\t\t\t\t\t\t<\/div>\n\t\t\t\t<\/div>\n\t\t\t\t<div class=\"elementor-element elementor-element-6bba31cb elementor-widget__width-auto e-transform elementor-widget-divider--view-line elementor-invisible elementor-widget elementor-widget-divider\" data-id=\"6bba31cb\" data-element_type=\"widget\" data-e-type=\"widget\" data-settings=\"{&quot;_transform_rotateZ_effect&quot;:{&quot;unit&quot;:&quot;px&quot;,&quot;size&quot;:90,&quot;sizes&quot;:[]},&quot;_animation&quot;:&quot;fadeInUp&quot;,&quot;_transform_rotateZ_effect_tablet&quot;:{&quot;unit&quot;:&quot;deg&quot;,&quot;size&quot;:&quot;&quot;,&quot;sizes&quot;:[]},&quot;_transform_rotateZ_effect_mobile&quot;:{&quot;unit&quot;:&quot;deg&quot;,&quot;size&quot;:&quot;&quot;,&quot;sizes&quot;:[]}}\" data-widget_type=\"divider.default\">\n\t\t\t\t<div class=\"elementor-widget-container\">\n\t\t\t\t\t\t\t<div class=\"elementor-divider\">\n\t\t\t<span class=\"elementor-divider-separator\">\n\t\t\t\t\t\t<\/span>\n\t\t<\/div>\n\t\t\t\t\t\t<\/div>\n\t\t\t\t<\/div>\n\t\t\t\t<div class=\"elementor-element elementor-element-21104879 elementor-widget elementor-widget-text-editor\" data-id=\"21104879\" data-element_type=\"widget\" data-e-type=\"widget\" data-widget_type=\"text-editor.default\">\n\t\t\t\t<div class=\"elementor-widget-container\">\n\t\t\t\t\t\t\t\t\t<h4 data-start=\"456\" data-end=\"491\">Ihre Rechte, Unsere Mission<\/h4><p data-start=\"492\" data-end=\"867\" data-is-last-node=\"\" data-is-only-node=\"\">F\u00fcr uns geht es im Recht nicht nur um Vorschriften und Verfahren \u2013 es geht um echte Menschen, echte Herausforderungen und echte Gerechtigkeit. Wir nehmen jeden Fall pers\u00f6nlich und setzen all unsere Kraft daran, das bestm\u00f6gliche Ergebnis zu erzielen. Egal wie herausfordernd die Umst\u00e4nde sind, wir gehen mit Durchhalteverm\u00f6gen und Expertise voran, um sicherzustellen, dass Ihre Stimme geh\u00f6rt und Ihre Interessen gesch\u00fctzt werden.<\/p>\t\t\t\t\t\t\t\t<\/div>\n\t\t\t\t<\/div>\n\t\t\t\t<\/div>\n\t\t\t\t<div class=\"elementor-element elementor-element-51152079 elementor-widget-mobile__width-inherit elementor-widget elementor-widget-image\" data-id=\"51152079\" data-element_type=\"widget\" data-e-type=\"widget\" data-settings=\"{&quot;motion_fx_motion_fx_scrolling&quot;:&quot;yes&quot;,&quot;motion_fx_translateY_effect&quot;:&quot;yes&quot;,&quot;motion_fx_translateY_affectedRange&quot;:{&quot;unit&quot;:&quot;%&quot;,&quot;size&quot;:&quot;&quot;,&quot;sizes&quot;:{&quot;start&quot;:50,&quot;end&quot;:100}},&quot;motion_fx_devices&quot;:[&quot;desktop&quot;,&quot;tablet&quot;],&quot;motion_fx_translateY_speed&quot;:{&quot;unit&quot;:&quot;px&quot;,&quot;size&quot;:4,&quot;sizes&quot;:[]}}\" data-widget_type=\"image.default\">\n\t\t\t\t<div class=\"elementor-widget-container\">\n\t\t\t\t\t\t\t\t\t\t\t\t\t\t\t<img decoding=\"async\" src=\"https:\/\/huwagner.com\/wp-content\/uploads\/elementor\/thumbs\/HomePage-Practice_Areas-4-r2gx0zsn3a9ctu1o6e4orm7ow3rg80b5wr9z0t5ncq.jpg\" title=\"HomePage-Practice_Areas-4.jpg\" alt=\"HomePage-Practice_Areas-4.jpg\" loading=\"lazy\" \/>\t\t\t\t\t\t\t\t\t\t\t\t\t\t\t<\/div>\n\t\t\t\t<\/div>\n\t\t\t\t\t<\/div>\n\t\t\t\t<\/div>\n\t\t<div class=\"elementor-element elementor-element-1b016ed1 e-flex e-con-boxed e-con e-parent\" data-id=\"1b016ed1\" data-element_type=\"container\" data-e-type=\"container\">\n\t\t\t\t\t<div class=\"e-con-inner\">\n\t\t<div class=\"elementor-element elementor-element-6a8a71b7 e-con-full e-flex e-con e-child\" data-id=\"6a8a71b7\" data-element_type=\"container\" data-e-type=\"container\">\n\t\t\t\t<div class=\"elementor-element elementor-element-318597f5 elementor-widget elementor-widget-heading\" data-id=\"318597f5\" data-element_type=\"widget\" data-e-type=\"widget\" data-widget_type=\"heading.default\">\n\t\t\t\t<div class=\"elementor-widget-container\">\n\t\t\t\t\t<h2 class=\"elementor-heading-title elementor-size-default\">Wir begleiten Sie in jedem Schritt des Weges.<\/h2>\t\t\t\t<\/div>\n\t\t\t\t<\/div>\n\t\t\t\t<div class=\"elementor-element elementor-element-7503989f elementor-widget elementor-widget-text-editor\" data-id=\"7503989f\" data-element_type=\"widget\" data-e-type=\"widget\" data-widget_type=\"text-editor.default\">\n\t\t\t\t<div class=\"elementor-widget-container\">\n\t\t\t\t\t\t\t\t\t<p>Rechtliche Angelegenheiten k\u00f6nnen komplex sein, aber Sie m\u00fcssen sie nicht allein bew\u00e4ltigen. Wir sind hier, um Sie mit Expertise und Engagement durch jeden Schritt des Prozesses zu unterst\u00fctzen und zu begleiten.<\/p>\t\t\t\t\t\t\t\t<\/div>\n\t\t\t\t<\/div>\n\t\t\t\t<div class=\"elementor-element elementor-element-236db59d elementor-mobile-align-center elementor-invisible elementor-widget elementor-widget-button\" data-id=\"236db59d\" data-element_type=\"widget\" data-e-type=\"widget\" data-settings=\"{&quot;_animation&quot;:&quot;fadeInDown&quot;}\" data-widget_type=\"button.default\">\n\t\t\t\t<div class=\"elementor-widget-container\">\n\t\t\t\t\t\t\t\t\t<div class=\"elementor-button-wrapper\">\n\t\t\t\t\t<a class=\"elementor-button elementor-button-link elementor-size-md\" href=\"https:\/\/huwagner.com\/en\/leistungen\/\">\n\t\t\t\t\t\t<span class=\"elementor-button-content-wrapper\">\n\t\t\t\t\t\t\t\t\t<span class=\"elementor-button-text\">Rechtsgebiete \u27f6<\/span>\n\t\t\t\t\t<\/span>\n\t\t\t\t\t<\/a>\n\t\t\t\t<\/div>\n\t\t\t\t\t\t\t\t<\/div>\n\t\t\t\t<\/div>\n\t\t\t\t<\/div>\n\t\t<div class=\"elementor-element elementor-element-54cd0926 e-con-full e-flex e-con e-child\" data-id=\"54cd0926\" data-element_type=\"container\" data-e-type=\"container\">\n\t\t\t\t<div class=\"elementor-element elementor-element-6feb1f66 elementor-widget elementor-widget-image\" data-id=\"6feb1f66\" data-element_type=\"widget\" data-e-type=\"widget\" data-settings=\"{&quot;motion_fx_motion_fx_scrolling&quot;:&quot;yes&quot;,&quot;motion_fx_translateY_effect&quot;:&quot;yes&quot;,&quot;motion_fx_translateY_affectedRange&quot;:{&quot;unit&quot;:&quot;%&quot;,&quot;size&quot;:&quot;&quot;,&quot;sizes&quot;:{&quot;start&quot;:50,&quot;end&quot;:100}},&quot;motion_fx_devices&quot;:[&quot;desktop&quot;,&quot;tablet&quot;],&quot;motion_fx_translateY_speed&quot;:{&quot;unit&quot;:&quot;px&quot;,&quot;size&quot;:4,&quot;sizes&quot;:[]}}\" data-widget_type=\"image.default\">\n\t\t\t\t<div class=\"elementor-widget-container\">\n\t\t\t\t\t\t\t\t\t\t\t\t\t\t\t<img decoding=\"async\" src=\"https:\/\/huwagner.com\/wp-content\/uploads\/elementor\/thumbs\/WhatsApp-Bild-2025-03-07-um-13.07.30_eb1bd9df-r2maf9ezg6znnuz5bzx9o0n0y0p0jbc6sbfbkchs9a.jpg\" title=\"WhatsApp Bild 2025-03-07 um 13.07.30_eb1bd9df\" alt=\"WhatsApp Bild 2025-03-07 um 13.07.30_eb1bd9df\" loading=\"lazy\" \/>\t\t\t\t\t\t\t\t\t\t\t\t\t\t\t<\/div>\n\t\t\t\t<\/div>\n\t\t\t\t<div class=\"elementor-element elementor-element-5ab5df48 elementor-widget elementor-widget-image\" data-id=\"5ab5df48\" data-element_type=\"widget\" data-e-type=\"widget\" data-widget_type=\"image.default\">\n\t\t\t\t<div class=\"elementor-widget-container\">\n\t\t\t\t\t\t\t\t\t\t\t\t\t\t\t<img decoding=\"async\" width=\"525\" height=\"417\" src=\"https:\/\/huwagner.com\/wp-content\/uploads\/2025\/03\/HomePage-Practice_Areas-5.jpg\" class=\"attachment-full size-full wp-image-57\" alt=\"\" srcset=\"https:\/\/huwagner.com\/wp-content\/uploads\/2025\/03\/HomePage-Practice_Areas-5.jpg 525w, https:\/\/huwagner.com\/wp-content\/uploads\/2025\/03\/HomePage-Practice_Areas-5-300x238.jpg 300w\" sizes=\"(max-width: 525px) 100vw, 525px\" \/>\t\t\t\t\t\t\t\t\t\t\t\t\t\t\t<\/div>\n\t\t\t\t<\/div>\n\t\t\t\t<\/div>\n\t\t\t\t\t<\/div>\n\t\t\t\t<\/div>\n\t\t\t\t<\/div>\n\t\t","protected":false},"excerpt":{"rendered":"<p>Erfahrung, der Sie vertrauen k\u00f6nnen Jahrzehntelange Erfahrung Mit jahrelanger Praxis und tiefem Verst\u00e4ndnis des Rechts bieten wir vertrauensw\u00fcrdige rechtliche Expertise. Unsere Erfahrung erm\u00f6glicht es uns, komplexe F\u00e4lle mit Vertrauen zu meistern und die bestm\u00f6glichen Ergebnisse f\u00fcr unsere Mandanten zu erzielen. Seit Jahrzehnten vertreten wir unsere Mandanten in Gerichtss\u00e4len in ganz \u00d6sterreich mit Hingabe und Expertise. [&hellip;]<\/p>\n","protected":false},"author":1,"featured_media":0,"parent":0,"menu_order":0,"comment_status":"closed","ping_status":"closed","template":"","meta":{"footnotes":""},"class_list":["post-50","page","type-page","status-publish","hentry"],"_links":{"self":[{"href":"https:\/\/huwagner.com\/en\/wp-json\/wp\/v2\/pages\/50","targetHints":{"allow":["GET"]}}],"collection":[{"href":"https:\/\/huwagner.com\/en\/wp-json\/wp\/v2\/pages"}],"about":[{"href":"https:\/\/huwagner.com\/en\/wp-json\/wp\/v2\/types\/page"}],"author":[{"embeddable":true,"href":"https:\/\/huwagner.com\/en\/wp-json\/wp\/v2\/users\/1"}],"replies":[{"embeddable":true,"href":"https:\/\/huwagner.com\/en\/wp-json\/wp\/v2\/comments?post=50"}],"version-history":[{"count":32,"href":"https:\/\/huwagner.com\/en\/wp-json\/wp\/v2\/pages\/50\/revisions"}],"predecessor-version":[{"id":462,"href":"https:\/\/huwagner.com\/en\/wp-json\/wp\/v2\/pages\/50\/revisions\/462"}],"wp:attachment":[{"href":"https:\/\/huwagner.com\/en\/wp-json\/wp\/v2\/media?parent=50"}],"curies":[{"name":"wp","href":"https:\/\/api.w.org\/{rel}","templated":true}]}}