{"id":63,"date":"2025-03-06T16:44:01","date_gmt":"2025-03-06T16:44:01","guid":{"rendered":"https:\/\/huwagner.com\/services\/"},"modified":"2025-05-13T12:03:21","modified_gmt":"2025-05-13T12:03:21","slug":"leistungen","status":"publish","type":"page","link":"https:\/\/huwagner.com\/en\/leistungen\/","title":{"rendered":"Services"},"content":{"rendered":"<div data-elementor-type=\"wp-page\" data-elementor-id=\"63\" class=\"elementor elementor-63\" data-elementor-post-type=\"page\">\n\t\t\t\t<div class=\"elementor-element elementor-element-1f0ee332 e-flex e-con-boxed e-con e-parent\" data-id=\"1f0ee332\" data-element_type=\"container\" data-e-type=\"container\">\n\t\t\t\t\t<div class=\"e-con-inner\">\n\t\t<div class=\"elementor-element elementor-element-1fe7a5 e-con-full e-flex e-con e-child\" data-id=\"1fe7a5\" data-element_type=\"container\" data-e-type=\"container\">\n\t\t\t\t<div class=\"elementor-element elementor-element-665275af elementor-cta--skin-classic elementor-animated-content elementor-bg-transform elementor-bg-transform-zoom-in elementor-widget elementor-widget-call-to-action\" data-id=\"665275af\" data-element_type=\"widget\" data-e-type=\"widget\" data-widget_type=\"call-to-action.default\">\n\t\t\t\t<div class=\"elementor-widget-container\">\n\t\t\t\t\t\t\t<div class=\"elementor-cta\">\n\t\t\t\t\t<div class=\"elementor-cta__bg-wrapper\">\n\t\t\t\t<div class=\"elementor-cta__bg elementor-bg\" style=\"background-image: url(https:\/\/huwagner.com\/wp-content\/uploads\/2025\/03\/ServicesPage-Img_1.jpg);\" role=\"img\" aria-label=\"ServicesPage-Img_1.jpg\"><\/div>\n\t\t\t\t<div class=\"elementor-cta__bg-overlay\"><\/div>\n\t\t\t<\/div>\n\t\t\t\t\t\t\t\t<\/div>\n\t\t\t\t\t\t<\/div>\n\t\t\t\t<\/div>\n\t\t\t\t<div class=\"elementor-element elementor-element-328e942f elementor-cta--skin-classic elementor-animated-content elementor-bg-transform elementor-bg-transform-zoom-in elementor-widget elementor-widget-call-to-action\" data-id=\"328e942f\" data-element_type=\"widget\" data-e-type=\"widget\" data-widget_type=\"call-to-action.default\">\n\t\t\t\t<div class=\"elementor-widget-container\">\n\t\t\t\t\t\t\t<div class=\"elementor-cta\">\n\t\t\t\t\t<div class=\"elementor-cta__bg-wrapper\">\n\t\t\t\t<div class=\"elementor-cta__bg elementor-bg\" style=\"background-image: url(https:\/\/huwagner.com\/wp-content\/uploads\/2025\/03\/ServicesPage-Img_2.jpg);\" role=\"img\" aria-label=\"ServicesPage-Img_2.jpg\"><\/div>\n\t\t\t\t<div class=\"elementor-cta__bg-overlay\"><\/div>\n\t\t\t<\/div>\n\t\t\t\t\t\t\t\t<\/div>\n\t\t\t\t\t\t<\/div>\n\t\t\t\t<\/div>\n\t\t\t\t<\/div>\n\t\t<div class=\"elementor-element elementor-element-69dae134 e-con-full e-flex e-con e-child\" data-id=\"69dae134\" data-element_type=\"container\" data-e-type=\"container\">\n\t\t\t\t<div class=\"elementor-element elementor-element-4eec6476 elementor-widget__width-initial elementor-absolute elementor-widget elementor-widget-spacer\" data-id=\"4eec6476\" data-element_type=\"widget\" data-e-type=\"widget\" data-settings=\"{&quot;_position&quot;:&quot;absolute&quot;}\" data-widget_type=\"spacer.default\">\n\t\t\t\t<div class=\"elementor-widget-container\">\n\t\t\t\t\t\t\t<div class=\"elementor-spacer\">\n\t\t\t<div class=\"elementor-spacer-inner\"><\/div>\n\t\t<\/div>\n\t\t\t\t\t\t<\/div>\n\t\t\t\t<\/div>\n\t\t\t\t<div class=\"elementor-element elementor-element-2a55b169 elementor-invisible elementor-widget elementor-widget-heading\" data-id=\"2a55b169\" data-element_type=\"widget\" data-e-type=\"widget\" data-settings=\"{&quot;_animation&quot;:&quot;fadeInUp&quot;}\" data-widget_type=\"heading.default\">\n\t\t\t\t<div class=\"elementor-widget-container\">\n\t\t\t\t\t<h3 class=\"elementor-heading-title elementor-size-default\">What we do best<\/h3>\t\t\t\t<\/div>\n\t\t\t\t<\/div>\n\t\t\t\t<div class=\"elementor-element elementor-element-53bf4011 elementor-widget elementor-widget-heading\" data-id=\"53bf4011\" data-element_type=\"widget\" data-e-type=\"widget\" data-widget_type=\"heading.default\">\n\t\t\t\t<div class=\"elementor-widget-container\">\n\t\t\t\t\t<h1 class=\"elementor-heading-title elementor-size-default\">Areas of Expertise<\/h1>\t\t\t\t<\/div>\n\t\t\t\t<\/div>\n\t\t\t\t<div class=\"elementor-element elementor-element-30528f09 elementor-widget elementor-widget-text-editor\" data-id=\"30528f09\" data-element_type=\"widget\" data-e-type=\"widget\" data-widget_type=\"text-editor.default\">\n\t\t\t\t<div class=\"elementor-widget-container\">\n\t\t\t\t\t\t\t\t\t<p>Legal challenges require the right expertise. We offer comprehensive legal support in various areas and provide strategic solutions tailored to your needs. Below, discover our key areas of law.<\/p><p>\u00a0<\/p>\t\t\t\t\t\t\t\t<\/div>\n\t\t\t\t<\/div>\n\t\t\t\t<\/div>\n\t\t\t\t\t<\/div>\n\t\t\t\t<\/div>\n\t\t<div class=\"elementor-element elementor-element-7ad5dfc3 e-flex e-con-boxed e-con e-parent\" data-id=\"7ad5dfc3\" data-element_type=\"container\" data-e-type=\"container\">\n\t\t\t\t\t<div class=\"e-con-inner\">\n\t\t<div class=\"elementor-element elementor-element-64ca09d5 e-con-full e-flex e-con e-child\" data-id=\"64ca09d5\" data-element_type=\"container\" data-e-type=\"container\">\n\t\t\t\t<div class=\"elementor-element elementor-element-639a147e elementor-widget elementor-widget-heading\" data-id=\"639a147e\" data-element_type=\"widget\" data-e-type=\"widget\" data-widget_type=\"heading.default\">\n\t\t\t\t<div class=\"elementor-widget-container\">\n\t\t\t\t\t<h2 class=\"elementor-heading-title elementor-size-default\">Kosten, Rechtsschutz &amp; Zusammenarbeit \u2013 Was Sie wissen sollten<\/h2>\t\t\t\t<\/div>\n\t\t\t\t<\/div>\n\t\t\t\t<div class=\"elementor-element elementor-element-282baede elementor-widget elementor-widget-text-editor\" data-id=\"282baede\" data-element_type=\"widget\" data-e-type=\"widget\" data-widget_type=\"text-editor.default\">\n\t\t\t\t<div class=\"elementor-widget-container\">\n\t\t\t\t\t\t\t\t\t<p class=\"translation-block\" data-start=\"295\" data-end=\"671\">Reliability starts with clarity \u2013 especially when it comes to financial matters. That\u2019s why we place great importance on transparent and fair fee structures. From the very beginning, you will know what costs to expect. Before any engagement, we discuss the anticipated fees, possible alternatives, and whether your legal expenses insurance may cover the case.<\/p><p class=\"\" data-start=\"673\" data-end=\"1008\"><strong data-start=\"673\" data-end=\"701\">Legal expenses insurance<\/strong><br data-start=\"701\" data-end=\"704\" \/>We work with all major legal expenses insurance providers. We are happy to handle the correspondence with your insurer and clarify whether coverage can be granted for your case. This helps you avoid unnecessary costs and ensures you know early on which services will be covered.<\/p><p class=\"\" data-start=\"1010\" data-end=\"1077\"><strong data-start=\"1010\" data-end=\"1038\">Billing &amp; Transparency<\/strong><br data-start=\"1038\" data-end=\"1041\" \/>Our billing is carried out in one of the following ways:<\/p><ul data-start=\"1078\" data-end=\"1265\"><li class=\"\" data-start=\"1078\" data-end=\"1163\"><p class=\"\" data-start=\"1080\" data-end=\"1163\">according to the Austrian Lawyers' Tariff Act (RATG),<\/p><\/li><li class=\"\" data-start=\"1164\" data-end=\"1216\"><p class=\"\" data-start=\"1166\" data-end=\"1216\">on the basis of an agreed flat fee, or<\/p><\/li><li class=\"\" data-start=\"1217\" data-end=\"1265\"><p class=\"\" data-start=\"1219\" data-end=\"1265\">at an individually agreed hourly rate.<\/p><\/li><\/ul><p class=\"translation-block\" data-start=\"1267\" data-end=\"1431\">For many of our services, we offer clear flat rates or modular consulting packages \u2013 especially for company formations, contract reviews, or advance directives.<\/p><p class=\"\" data-start=\"1433\" data-end=\"1637\"><strong data-start=\"1433\" data-end=\"1449\">Initial Consultation<\/strong><br data-start=\"1449\" data-end=\"1452\" \/>In an initial consultation, you will receive an assessment of the legal situation as well as the potential costs. This meeting forms the basis for a trustworthy collaboration.<\/p>\t\t\t\t\t\t\t\t<\/div>\n\t\t\t\t<\/div>\n\t\t\t\t<div class=\"elementor-element elementor-element-55082756 elementor-mobile-align-center elementor-invisible elementor-widget elementor-widget-button\" data-id=\"55082756\" data-element_type=\"widget\" data-e-type=\"widget\" data-settings=\"{&quot;_animation&quot;:&quot;fadeInDown&quot;}\" data-widget_type=\"button.default\">\n\t\t\t\t<div class=\"elementor-widget-container\">\n\t\t\t\t\t\t\t\t\t<div class=\"elementor-button-wrapper\">\n\t\t\t\t\t<a class=\"elementor-button elementor-button-link elementor-size-md\" href=\"https:\/\/huwagner.com\/en\/kontakt\/\">\n\t\t\t\t\t\t<span class=\"elementor-button-content-wrapper\">\n\t\t\t\t\t\t\t\t\t<span class=\"elementor-button-text\">Contact \u27f6<\/span>\n\t\t\t\t\t<\/span>\n\t\t\t\t\t<\/a>\n\t\t\t\t<\/div>\n\t\t\t\t\t\t\t\t<\/div>\n\t\t\t\t<\/div>\n\t\t\t\t<\/div>\n\t\t<div class=\"elementor-element elementor-element-608d7f0f e-con-full e-flex e-con e-child\" data-id=\"608d7f0f\" data-element_type=\"container\" data-e-type=\"container\">\n\t\t\t\t<div class=\"elementor-element elementor-element-5db12ec8 elementor-widget elementor-widget-image\" data-id=\"5db12ec8\" data-element_type=\"widget\" data-e-type=\"widget\" data-widget_type=\"image.default\">\n\t\t\t\t<div class=\"elementor-widget-container\">\n\t\t\t\t\t\t\t\t\t\t\t\t\t\t\t<img decoding=\"async\" src=\"https:\/\/huwagner.com\/wp-content\/uploads\/2025\/03\/HomePage-Practice_Areas-5.jpg\" title=\"HomePage-Practice_Areas-5.jpg\" alt=\"HomePage-Practice_Areas-5.jpg\" loading=\"lazy\" \/>\t\t\t\t\t\t\t\t\t\t\t\t\t\t\t<\/div>\n\t\t\t\t<\/div>\n\t\t\t\t<\/div>\n\t\t\t\t\t<\/div>\n\t\t\t\t<\/div>\n\t\t<div class=\"elementor-element elementor-element-441b384c e-flex e-con-boxed e-con e-parent\" data-id=\"441b384c\" data-element_type=\"container\" data-e-type=\"container\">\n\t\t\t\t\t<div class=\"e-con-inner\">\n\t\t<div class=\"elementor-element elementor-element-2ac677d0 e-flex e-con-boxed e-con e-child\" data-id=\"2ac677d0\" data-element_type=\"container\" data-e-type=\"container\">\n\t\t\t\t\t<div class=\"e-con-inner\">\n\t\t\t\t<div class=\"elementor-element elementor-element-7455598e elementor-widget__width-initial elementor-invisible elementor-widget elementor-widget-heading\" data-id=\"7455598e\" data-element_type=\"widget\" data-e-type=\"widget\" data-settings=\"{&quot;_animation&quot;:&quot;fadeInUp&quot;}\" data-widget_type=\"heading.default\">\n\t\t\t\t<div class=\"elementor-widget-container\">\n\t\t\t\t\t<h3 class=\"elementor-heading-title elementor-size-default\">Don't waver from your position when it matters most.<\/h3>\t\t\t\t<\/div>\n\t\t\t\t<\/div>\n\t\t\t\t<div class=\"elementor-element elementor-element-1a4e088d elementor-widget__width-initial elementor-widget elementor-widget-heading\" data-id=\"1a4e088d\" data-element_type=\"widget\" data-e-type=\"widget\" data-widget_type=\"heading.default\">\n\t\t\t\t<div class=\"elementor-widget-container\">\n\t\t\t\t\t<h2 class=\"elementor-heading-title elementor-size-default\">Why You Should Choose Us<\/h2>\t\t\t\t<\/div>\n\t\t\t\t<\/div>\n\t\t\t\t\t<\/div>\n\t\t\t\t<\/div>\n\t\t<div class=\"elementor-element elementor-element-7493ce76 e-con-full e-flex e-con e-child\" data-id=\"7493ce76\" data-element_type=\"container\" data-e-type=\"container\">\n\t\t<div class=\"elementor-element elementor-element-ada16de e-con-full e-flex e-con e-child\" data-id=\"ada16de\" data-element_type=\"container\" data-e-type=\"container\" data-settings=\"{&quot;background_background&quot;:&quot;classic&quot;}\">\n\t\t\t\t<div class=\"elementor-element elementor-element-7b895bea elementor-widget elementor-widget-heading\" data-id=\"7b895bea\" data-element_type=\"widget\" data-e-type=\"widget\" data-widget_type=\"heading.default\">\n\t\t\t\t<div class=\"elementor-widget-container\">\n\t\t\t\t\t<h3 class=\"elementor-heading-title elementor-size-default\">01<\/h3>\t\t\t\t<\/div>\n\t\t\t\t<\/div>\n\t\t\t\t<div class=\"elementor-element elementor-element-6cca06a7 elementor-widget elementor-widget-icon-box\" data-id=\"6cca06a7\" data-element_type=\"widget\" data-e-type=\"widget\" data-widget_type=\"icon-box.default\">\n\t\t\t\t<div class=\"elementor-widget-container\">\n\t\t\t\t\t\t\t<div class=\"elementor-icon-box-wrapper\">\n\n\t\t\t\n\t\t\t\t\t\t<div class=\"elementor-icon-box-content\">\n\n\t\t\t\t\t\t\t\t\t<h4 class=\"elementor-icon-box-title\">\n\t\t\t\t\t\t<span  >\n\t\t\t\t\t\t\tLegal Expertise\t\t\t\t\t\t<\/span>\n\t\t\t\t\t<\/h4>\n\t\t\t\t\n\t\t\t\t\t\t\t\t\t<p class=\"elementor-icon-box-description\">\n\t\t\t\t\t\tWith years of experience, we handle legal challenges efficiently and find the best solutions for your needs. Whether it's contracts, disputes, or legal representation \u2013 you can rely on our expertise.\t\t\t\t\t<\/p>\n\t\t\t\t\n\t\t\t<\/div>\n\t\t\t\n\t\t<\/div>\n\t\t\t\t\t\t<\/div>\n\t\t\t\t<\/div>\n\t\t\t\t<\/div>\n\t\t<div class=\"elementor-element elementor-element-5f7b50df e-con-full e-flex e-con e-child\" data-id=\"5f7b50df\" data-element_type=\"container\" data-e-type=\"container\" data-settings=\"{&quot;background_background&quot;:&quot;classic&quot;}\">\n\t\t\t\t<div class=\"elementor-element elementor-element-3813674d elementor-widget elementor-widget-heading\" data-id=\"3813674d\" data-element_type=\"widget\" data-e-type=\"widget\" data-widget_type=\"heading.default\">\n\t\t\t\t<div class=\"elementor-widget-container\">\n\t\t\t\t\t<h3 class=\"elementor-heading-title elementor-size-default\">02<\/h3>\t\t\t\t<\/div>\n\t\t\t\t<\/div>\n\t\t\t\t<div class=\"elementor-element elementor-element-757bae77 elementor-widget elementor-widget-icon-box\" data-id=\"757bae77\" data-element_type=\"widget\" data-e-type=\"widget\" data-widget_type=\"icon-box.default\">\n\t\t\t\t<div class=\"elementor-widget-container\">\n\t\t\t\t\t\t\t<div class=\"elementor-icon-box-wrapper\">\n\n\t\t\t\n\t\t\t\t\t\t<div class=\"elementor-icon-box-content\">\n\n\t\t\t\t\t\t\t\t\t<h4 class=\"elementor-icon-box-title\">\n\t\t\t\t\t\t<span  >\n\t\t\t\t\t\t\tClear Advice\t\t\t\t\t\t<\/span>\n\t\t\t\t\t<\/h4>\n\t\t\t\t\n\t\t\t\t\t\t\t\t\t<p class=\"elementor-icon-box-description\">\n\t\t\t\t\t\tLegal matters can be complex, but our advice is always clear and easy to understand. We explain your options clearly so you can make informed decisions with confidence.\t\t\t\t\t<\/p>\n\t\t\t\t\n\t\t\t<\/div>\n\t\t\t\n\t\t<\/div>\n\t\t\t\t\t\t<\/div>\n\t\t\t\t<\/div>\n\t\t\t\t<\/div>\n\t\t<div class=\"elementor-element elementor-element-1c6db3aa e-con-full e-flex e-con e-child\" data-id=\"1c6db3aa\" data-element_type=\"container\" data-e-type=\"container\" data-settings=\"{&quot;background_background&quot;:&quot;classic&quot;}\">\n\t\t\t\t<div class=\"elementor-element elementor-element-4cb9ce26 elementor-widget elementor-widget-heading\" data-id=\"4cb9ce26\" data-element_type=\"widget\" data-e-type=\"widget\" data-widget_type=\"heading.default\">\n\t\t\t\t<div class=\"elementor-widget-container\">\n\t\t\t\t\t<h3 class=\"elementor-heading-title elementor-size-default\">03<\/h3>\t\t\t\t<\/div>\n\t\t\t\t<\/div>\n\t\t\t\t<div class=\"elementor-element elementor-element-741e1d4f elementor-widget elementor-widget-icon-box\" data-id=\"741e1d4f\" data-element_type=\"widget\" data-e-type=\"widget\" data-widget_type=\"icon-box.default\">\n\t\t\t\t<div class=\"elementor-widget-container\">\n\t\t\t\t\t\t\t<div class=\"elementor-icon-box-wrapper\">\n\n\t\t\t\n\t\t\t\t\t\t<div class=\"elementor-icon-box-content\">\n\n\t\t\t\t\t\t\t\t\t<h4 class=\"elementor-icon-box-title\">\n\t\t\t\t\t\t<span  >\n\t\t\t\t\t\t\tStrong Support\t\t\t\t\t\t<\/span>\n\t\t\t\t\t<\/h4>\n\t\t\t\t\n\t\t\t\t\t\t\t\t\t<p class=\"elementor-icon-box-description\">\n\t\t\t\t\t\tWe are committed to protecting your rights and interests. From the initial consultation to the final resolution, we stand by your side, providing reliable and results-oriented representation.\t\t\t\t\t<\/p>\n\t\t\t\t\n\t\t\t<\/div>\n\t\t\t\n\t\t<\/div>\n\t\t\t\t\t\t<\/div>\n\t\t\t\t<\/div>\n\t\t\t\t<\/div>\n\t\t\t\t<\/div>\n\t\t\t\t\t<\/div>\n\t\t\t\t<\/div>\n\t\t\t\t<\/div>","protected":false},"excerpt":{"rendered":"<p>Was wir am besten k\u00f6nnen Fachgebiete Rechtliche Herausforderungen erfordern die richtige Expertise. Wir bieten umfassende rechtliche Unterst\u00fctzung in verschiedenen Bereichen und gew\u00e4hrleisten strategische L\u00f6sungen, die auf Ihre Bed\u00fcrfnisse zugeschnitten sind. Entdecken Sie unten unsere wichtigsten Rechtsgebiete. \u00a0 Kosten, Rechtsschutz &#038; Zusammenarbeit \u2013 Was Sie wissen sollten Verl\u00e4sslichkeit beginnt bei Klarheit \u2013 auch in finanziellen Fragen. [&hellip;]<\/p>\n","protected":false},"author":1,"featured_media":0,"parent":0,"menu_order":0,"comment_status":"closed","ping_status":"closed","template":"","meta":{"footnotes":""},"class_list":["post-63","page","type-page","status-publish","hentry"],"_links":{"self":[{"href":"https:\/\/huwagner.com\/en\/wp-json\/wp\/v2\/pages\/63","targetHints":{"allow":["GET"]}}],"collection":[{"href":"https:\/\/huwagner.com\/en\/wp-json\/wp\/v2\/pages"}],"about":[{"href":"https:\/\/huwagner.com\/en\/wp-json\/wp\/v2\/types\/page"}],"author":[{"embeddable":true,"href":"https:\/\/huwagner.com\/en\/wp-json\/wp\/v2\/users\/1"}],"replies":[{"embeddable":true,"href":"https:\/\/huwagner.com\/en\/wp-json\/wp\/v2\/comments?post=63"}],"version-history":[{"count":35,"href":"https:\/\/huwagner.com\/en\/wp-json\/wp\/v2\/pages\/63\/revisions"}],"predecessor-version":[{"id":489,"href":"https:\/\/huwagner.com\/en\/wp-json\/wp\/v2\/pages\/63\/revisions\/489"}],"wp:attachment":[{"href":"https:\/\/huwagner.com\/en\/wp-json\/wp\/v2\/media?parent=63"}],"curies":[{"name":"wp","href":"https:\/\/api.w.org\/{rel}","templated":true}]}}