{"id":85,"date":"2025-03-06T16:44:03","date_gmt":"2025-03-06T16:44:03","guid":{"rendered":"https:\/\/huwagner.com\/home\/"},"modified":"2025-05-13T11:56:39","modified_gmt":"2025-05-13T11:56:39","slug":"home","status":"publish","type":"page","link":"https:\/\/huwagner.com\/en\/","title":{"rendered":"Home"},"content":{"rendered":"\t\t<div data-elementor-type=\"wp-page\" data-elementor-id=\"85\" class=\"elementor elementor-85\" data-elementor-post-type=\"page\">\n\t\t\t\t<div class=\"elementor-element elementor-element-315247d5 e-flex e-con-boxed e-con e-parent\" data-id=\"315247d5\" data-element_type=\"container\" data-e-type=\"container\">\n\t\t\t\t\t<div class=\"e-con-inner\">\n\t\t<div class=\"elementor-element elementor-element-cdb403d e-con-full e-flex e-con e-child\" data-id=\"cdb403d\" data-element_type=\"container\" data-e-type=\"container\">\n\t\t\t\t<div class=\"elementor-element elementor-element-1076952 elementor-invisible elementor-widget elementor-widget-heading\" data-id=\"1076952\" data-element_type=\"widget\" data-e-type=\"widget\" data-settings=\"{&quot;_animation&quot;:&quot;fadeInUp&quot;}\" data-widget_type=\"heading.default\">\n\t\t\t\t<div class=\"elementor-widget-container\">\n\t\t\t\t\t<h1 class=\"elementor-heading-title elementor-size-default\">Entdecken Sie unsere Leistungen<\/h1>\t\t\t\t<\/div>\n\t\t\t\t<\/div>\n\t\t\t\t<\/div>\n\t\t\t\t<div class=\"elementor-element elementor-element-2cb71903 elementor-widget__width-initial elementor-widget-mobile__width-inherit elementor-widget elementor-widget-icon-box\" data-id=\"2cb71903\" data-element_type=\"widget\" data-e-type=\"widget\" data-widget_type=\"icon-box.default\">\n\t\t\t\t<div class=\"elementor-widget-container\">\n\t\t\t\t\t\t\t<div class=\"elementor-icon-box-wrapper\">\n\n\t\t\t\n\t\t\t\t\t\t<div class=\"elementor-icon-box-content\">\n\n\t\t\t\t\t\t\t\t\t<h4 class=\"elementor-icon-box-title\">\n\t\t\t\t\t\t<span  >\n\t\t\t\t\t\t\tZivilrecht\t\t\t\t\t\t<\/span>\n\t\t\t\t\t<\/h4>\n\t\t\t\t\n\t\t\t\t\t\t\t\t\t<p class=\"elementor-icon-box-description\">\n\t\t\t\t\t\tVertr\u00e4ge, Streitigkeiten, Eigentum und Familienangelegenheiten \u2013 wir sch\u00fctzen Ihre Rechte im Zivilrecht.\t\t\t\t\t<\/p>\n\t\t\t\t\n\t\t\t<\/div>\n\t\t\t\n\t\t<\/div>\n\t\t\t\t\t\t<\/div>\n\t\t\t\t<\/div>\n\t\t\t\t<div class=\"elementor-element elementor-element-7dc439a2 elementor-widget__width-initial elementor-widget-mobile__width-inherit elementor-widget elementor-widget-icon-box\" data-id=\"7dc439a2\" data-element_type=\"widget\" data-e-type=\"widget\" data-widget_type=\"icon-box.default\">\n\t\t\t\t<div class=\"elementor-widget-container\">\n\t\t\t\t\t\t\t<div class=\"elementor-icon-box-wrapper\">\n\n\t\t\t\n\t\t\t\t\t\t<div class=\"elementor-icon-box-content\">\n\n\t\t\t\t\t\t\t\t\t<h4 class=\"elementor-icon-box-title\">\n\t\t\t\t\t\t<span  >\n\t\t\t\t\t\t\tGesellschaftsrecht\t\t\t\t\t\t<\/span>\n\t\t\t\t\t<\/h4>\n\t\t\t\t\n\t\t\t\t\t\t\t\t\t<p class=\"elementor-icon-box-description\">\n\t\t\t\t\t\tUnternehmensgr\u00fcndung, Vertr\u00e4ge, Compliance und Streitigkeiten \u2013 rechtliche Unterst\u00fctzung f\u00fcr den Erfolg Ihres Unternehmens.\t\t\t\t\t<\/p>\n\t\t\t\t\n\t\t\t<\/div>\n\t\t\t\n\t\t<\/div>\n\t\t\t\t\t\t<\/div>\n\t\t\t\t<\/div>\n\t\t\t\t<div class=\"elementor-element elementor-element-4c23132 elementor-widget__width-initial elementor-widget-mobile__width-inherit elementor-widget elementor-widget-icon-box\" data-id=\"4c23132\" data-element_type=\"widget\" data-e-type=\"widget\" data-widget_type=\"icon-box.default\">\n\t\t\t\t<div class=\"elementor-widget-container\">\n\t\t\t\t\t\t\t<div class=\"elementor-icon-box-wrapper\">\n\n\t\t\t\n\t\t\t\t\t\t<div class=\"elementor-icon-box-content\">\n\n\t\t\t\t\t\t\t\t\t<h4 class=\"elementor-icon-box-title\">\n\t\t\t\t\t\t<span  >\n\t\t\t\t\t\t\tEinwanderungsrecht\t\t\t\t\t\t<\/span>\n\t\t\t\t\t<\/h4>\n\t\t\t\t\n\t\t\t\t\t\t\t\t\t<p class=\"elementor-icon-box-description\">\n\t\t\t\t\t\tVisa, Aufenthalt, Asyl, Staatsb\u00fcrgerschaft und Arbeitserlaubnisse \u2013 wir begleiten Sie durch den Einwanderungsprozess.\t\t\t\t\t<\/p>\n\t\t\t\t\n\t\t\t<\/div>\n\t\t\t\n\t\t<\/div>\n\t\t\t\t\t\t<\/div>\n\t\t\t\t<\/div>\n\t\t\t\t<div class=\"elementor-element elementor-element-2e6702a elementor-widget__width-initial elementor-widget-mobile__width-inherit elementor-widget elementor-widget-icon-box\" data-id=\"2e6702a\" data-element_type=\"widget\" data-e-type=\"widget\" data-widget_type=\"icon-box.default\">\n\t\t\t\t<div class=\"elementor-widget-container\">\n\t\t\t\t\t\t\t<div class=\"elementor-icon-box-wrapper\">\n\n\t\t\t\n\t\t\t\t\t\t<div class=\"elementor-icon-box-content\">\n\n\t\t\t\t\t\t\t\t\t<h4 class=\"elementor-icon-box-title\">\n\t\t\t\t\t\t<span  >\n\t\t\t\t\t\t\tImmobilienrecht\t\t\t\t\t\t<\/span>\n\t\t\t\t\t<\/h4>\n\t\t\t\t\n\t\t\t\t\t\t\t\t\t<p class=\"elementor-icon-box-description\">\n\t\t\t\t\t\tKauf, Verkauf, Vermietung und Streitigkeiten rund um Immobilien \u2013 wir sorgen f\u00fcr rechtliche Sicherheit bei Ihren Immobilientransaktionen.\t\t\t\t\t<\/p>\n\t\t\t\t\n\t\t\t<\/div>\n\t\t\t\n\t\t<\/div>\n\t\t\t\t\t\t<\/div>\n\t\t\t\t<\/div>\n\t\t\t\t<div class=\"elementor-element elementor-element-3010589d elementor-widget__width-initial elementor-widget-mobile__width-inherit elementor-widget elementor-widget-icon-box\" data-id=\"3010589d\" data-element_type=\"widget\" data-e-type=\"widget\" data-widget_type=\"icon-box.default\">\n\t\t\t\t<div class=\"elementor-widget-container\">\n\t\t\t\t\t\t\t<div class=\"elementor-icon-box-wrapper\">\n\n\t\t\t\n\t\t\t\t\t\t<div class=\"elementor-icon-box-content\">\n\n\t\t\t\t\t\t\t\t\t<h4 class=\"elementor-icon-box-title\">\n\t\t\t\t\t\t<span  >\n\t\t\t\t\t\t\tWettbewerbsrecht\t\t\t\t\t\t<\/span>\n\t\t\t\t\t<\/h4>\n\t\t\t\t\n\t\t\t\t\t\t\t\t\t<p class=\"elementor-icon-box-description\">\n\t\t\t\t\t\tKartellrecht, unlautere Gesch\u00e4ftspraktiken und Marktregulierungen \u2013 wir sichern fairen Wettbewerb.\t\t\t\t\t<\/p>\n\t\t\t\t\n\t\t\t<\/div>\n\t\t\t\n\t\t<\/div>\n\t\t\t\t\t\t<\/div>\n\t\t\t\t<\/div>\n\t\t\t\t<div class=\"elementor-element elementor-element-481d6ca1 elementor-widget__width-initial elementor-widget-mobile__width-inherit elementor-widget elementor-widget-icon-box\" data-id=\"481d6ca1\" data-element_type=\"widget\" data-e-type=\"widget\" data-widget_type=\"icon-box.default\">\n\t\t\t\t<div class=\"elementor-widget-container\">\n\t\t\t\t\t\t\t<div class=\"elementor-icon-box-wrapper\">\n\n\t\t\t\n\t\t\t\t\t\t<div class=\"elementor-icon-box-content\">\n\n\t\t\t\t\t\t\t\t\t<h4 class=\"elementor-icon-box-title\">\n\t\t\t\t\t\t<span  >\n\t\t\t\t\t\t\tStrafrecht\t\t\t\t\t\t<\/span>\n\t\t\t\t\t<\/h4>\n\t\t\t\t\n\t\t\t\t\t\t\t\t\t<p class=\"elementor-icon-box-description\">\n\t\t\t\t\t\tVerteidigung, Ermittlungen und rechtliche Vertretung \u2013 wir setzen uns engagiert f\u00fcr den Schutz Ihrer Rechte ein.\t\t\t\t\t<\/p>\n\t\t\t\t\n\t\t\t<\/div>\n\t\t\t\n\t\t<\/div>\n\t\t\t\t\t\t<\/div>\n\t\t\t\t<\/div>\n\t\t\t\t<div class=\"elementor-element elementor-element-1bfb632 elementor-widget__width-initial elementor-widget-mobile__width-inherit elementor-widget elementor-widget-icon-box\" data-id=\"1bfb632\" data-element_type=\"widget\" data-e-type=\"widget\" data-widget_type=\"icon-box.default\">\n\t\t\t\t<div class=\"elementor-widget-container\">\n\t\t\t\t\t\t\t<div class=\"elementor-icon-box-wrapper\">\n\n\t\t\t\n\t\t\t\t\t\t<div class=\"elementor-icon-box-content\">\n\n\t\t\t\t\t\t\t\t\t<h4 class=\"elementor-icon-box-title\">\n\t\t\t\t\t\t<span  >\n\t\t\t\t\t\t\tVerwaltungsrecht\t\t\t\t\t\t<\/span>\n\t\t\t\t\t<\/h4>\n\t\t\t\t\n\t\t\t\t\t\t\t\t\t<p class=\"elementor-icon-box-description\">\n\t\t\t\t\t\tGenehmigungen, Vorschriften und Auseinandersetzungen mit Beh\u00f6rden \u2013 wir setzen Ihre Rechte durch.\t\t\t\t\t<\/p>\n\t\t\t\t\n\t\t\t<\/div>\n\t\t\t\n\t\t<\/div>\n\t\t\t\t\t\t<\/div>\n\t\t\t\t<\/div>\n\t\t\t\t<div class=\"elementor-element elementor-element-5bee9af1 elementor-widget__width-initial elementor-widget-mobile__width-inherit elementor-widget elementor-widget-icon-box\" data-id=\"5bee9af1\" data-element_type=\"widget\" data-e-type=\"widget\" data-widget_type=\"icon-box.default\">\n\t\t\t\t<div class=\"elementor-widget-container\">\n\t\t\t\t\t\t\t<div class=\"elementor-icon-box-wrapper\">\n\n\t\t\t\n\t\t\t\t\t\t<div class=\"elementor-icon-box-content\">\n\n\t\t\t\t\t\t\t\t\t<h4 class=\"elementor-icon-box-title\">\n\t\t\t\t\t\t<span  >\n\t\t\t\t\t\t\tSchadenersatzrecht\t\t\t\t\t\t<\/span>\n\t\t\t\t\t<\/h4>\n\t\t\t\t\n\t\t\t\t\t\t\t\t\t<p class=\"elementor-icon-box-description\">\n\t\t\t\t\t\tHaftung, Schadensersatz und Entsch\u00e4digungsanspr\u00fcche \u2013 wir setzen uns f\u00fcr Ihre Rechte und eine gerechte L\u00f6sung ein.\t\t\t\t\t<\/p>\n\t\t\t\t\n\t\t\t<\/div>\n\t\t\t\n\t\t<\/div>\n\t\t\t\t\t\t<\/div>\n\t\t\t\t<\/div>\n\t\t\t\t<div class=\"elementor-element elementor-element-5a73ae10 elementor-widget__width-initial elementor-widget-mobile__width-inherit elementor-widget elementor-widget-icon-box\" data-id=\"5a73ae10\" data-element_type=\"widget\" data-e-type=\"widget\" data-widget_type=\"icon-box.default\">\n\t\t\t\t<div class=\"elementor-widget-container\">\n\t\t\t\t\t\t\t<div class=\"elementor-icon-box-wrapper\">\n\n\t\t\t\n\t\t\t\t\t\t<div class=\"elementor-icon-box-content\">\n\n\t\t\t\t\t\t\t\t\t<h4 class=\"elementor-icon-box-title\">\n\t\t\t\t\t\t<span  >\n\t\t\t\t\t\t\tVertragsrecht\t\t\t\t\t\t<\/span>\n\t\t\t\t\t<\/h4>\n\t\t\t\t\n\t\t\t\t\t\t\t\t\t<p class=\"elementor-icon-box-description\">\n\t\t\t\t\t\tVertragsgestaltung, Verhandlung und Streitbeilegung \u2013 rechtliche Sicherheit in Vereinbarungen.\t\t\t\t\t<\/p>\n\t\t\t\t\n\t\t\t<\/div>\n\t\t\t\n\t\t<\/div>\n\t\t\t\t\t\t<\/div>\n\t\t\t\t<\/div>\n\t\t\t\t<div class=\"elementor-element elementor-element-52a9e480 elementor-widget__width-initial elementor-widget-mobile__width-inherit elementor-widget elementor-widget-icon-box\" data-id=\"52a9e480\" data-element_type=\"widget\" data-e-type=\"widget\" data-widget_type=\"icon-box.default\">\n\t\t\t\t<div class=\"elementor-widget-container\">\n\t\t\t\t\t\t\t<div class=\"elementor-icon-box-wrapper\">\n\n\t\t\t\n\t\t\t\t\t\t<div class=\"elementor-icon-box-content\">\n\n\t\t\t\t\t\t\t\t\t<h4 class=\"elementor-icon-box-title\">\n\t\t\t\t\t\t<span  >\n\t\t\t\t\t\t\tErbrecht\t\t\t\t\t\t<\/span>\n\t\t\t\t\t<\/h4>\n\t\t\t\t\n\t\t\t\t\t\t\t\t\t<p class=\"elementor-icon-box-description\">\n\t\t\t\t\t\tTestamente, Nachlass und Erbfolge \u2013 f\u00fcr eine rechtssichere Verm\u00f6gens\u00fcbertragung.\t\t\t\t\t<\/p>\n\t\t\t\t\n\t\t\t<\/div>\n\t\t\t\n\t\t<\/div>\n\t\t\t\t\t\t<\/div>\n\t\t\t\t<\/div>\n\t\t\t\t<div class=\"elementor-element elementor-element-52ebefca elementor-widget__width-initial elementor-widget-mobile__width-inherit elementor-widget elementor-widget-icon-box\" data-id=\"52ebefca\" data-element_type=\"widget\" data-e-type=\"widget\" data-widget_type=\"icon-box.default\">\n\t\t\t\t<div class=\"elementor-widget-container\">\n\t\t\t\t\t\t\t<div class=\"elementor-icon-box-wrapper\">\n\n\t\t\t\n\t\t\t\t\t\t<div class=\"elementor-icon-box-content\">\n\n\t\t\t\t\t\t\t\t\t<h4 class=\"elementor-icon-box-title\">\n\t\t\t\t\t\t<span  >\n\t\t\t\t\t\t\tUrheberrecht\t\t\t\t\t\t<\/span>\n\t\t\t\t\t<\/h4>\n\t\t\t\t\n\t\t\t\t\t\t\t\t\t<p class=\"elementor-icon-box-description\">\n\t\t\t\t\t\tMarken und Urheberrecht \u2013 wir sch\u00fctzen Ihre geistigen Sch\u00f6pfungen und Marken.\t\t\t\t\t<\/p>\n\t\t\t\t\n\t\t\t<\/div>\n\t\t\t\n\t\t<\/div>\n\t\t\t\t\t\t<\/div>\n\t\t\t\t<\/div>\n\t\t\t\t<div class=\"elementor-element elementor-element-79f014e1 elementor-widget__width-initial elementor-widget-mobile__width-inherit elementor-widget elementor-widget-icon-box\" data-id=\"79f014e1\" data-element_type=\"widget\" data-e-type=\"widget\" data-widget_type=\"icon-box.default\">\n\t\t\t\t<div class=\"elementor-widget-container\">\n\t\t\t\t\t\t\t<div class=\"elementor-icon-box-wrapper\">\n\n\t\t\t\n\t\t\t\t\t\t<div class=\"elementor-icon-box-content\">\n\n\t\t\t\t\t\t\t\t\t<h4 class=\"elementor-icon-box-title\">\n\t\t\t\t\t\t<span  >\n\t\t\t\t\t\t\tErwachsenenschutz\t\t\t\t\t\t<\/span>\n\t\t\t\t\t<\/h4>\n\t\t\t\t\n\t\t\t\t\t\t\t\t\t<p class=\"elementor-icon-box-description\">\n\t\t\t\t\t\tWir vertreten Sie in Pflegschaftssachen\t\t\t\t\t<\/p>\n\t\t\t\t\n\t\t\t<\/div>\n\t\t\t\n\t\t<\/div>\n\t\t\t\t\t\t<\/div>\n\t\t\t\t<\/div>\n\t\t\t\t\t<\/div>\n\t\t\t\t<\/div>\n\t\t<div class=\"elementor-element elementor-element-49d02a24 e-con-full e-flex e-con e-parent\" data-id=\"49d02a24\" data-element_type=\"container\" data-e-type=\"container\" data-settings=\"{&quot;background_background&quot;:&quot;classic&quot;,&quot;background_motion_fx_motion_fx_scrolling&quot;:&quot;yes&quot;,&quot;background_motion_fx_translateY_effect&quot;:&quot;yes&quot;,&quot;background_motion_fx_translateY_speed&quot;:{&quot;unit&quot;:&quot;px&quot;,&quot;size&quot;:10,&quot;sizes&quot;:[]},&quot;background_motion_fx_translateY_affectedRange&quot;:{&quot;unit&quot;:&quot;%&quot;,&quot;size&quot;:&quot;&quot;,&quot;sizes&quot;:{&quot;start&quot;:0,&quot;end&quot;:100}},&quot;background_motion_fx_devices&quot;:[&quot;desktop&quot;,&quot;tablet&quot;,&quot;mobile&quot;]}\">\n\t\t\t\t<\/div>\n\t\t<div class=\"elementor-element elementor-element-21f07246 e-flex e-con-boxed e-con e-parent\" data-id=\"21f07246\" data-element_type=\"container\" data-e-type=\"container\">\n\t\t\t\t\t<div class=\"e-con-inner\">\n\t\t<div class=\"elementor-element elementor-element-4aef7419 e-con-full e-flex e-con e-child\" data-id=\"4aef7419\" data-element_type=\"container\" data-e-type=\"container\">\n\t\t\t\t<div class=\"elementor-element elementor-element-7d90ca40 elementor-widget elementor-widget-heading\" data-id=\"7d90ca40\" data-element_type=\"widget\" data-e-type=\"widget\" data-widget_type=\"heading.default\">\n\t\t\t\t<div class=\"elementor-widget-container\">\n\t\t\t\t\t<h2 class=\"elementor-heading-title elementor-size-default\">Wir begleiten Sie auf jedem Schritt Ihres Weges.<\/h2>\t\t\t\t<\/div>\n\t\t\t\t<\/div>\n\t\t\t\t<div class=\"elementor-element elementor-element-7c7b3566 elementor-widget elementor-widget-text-editor\" data-id=\"7c7b3566\" data-element_type=\"widget\" data-e-type=\"widget\" data-widget_type=\"text-editor.default\">\n\t\t\t\t<div class=\"elementor-widget-container\">\n\t\t\t\t\t\t\t\t\t<p class=\"\" data-start=\"264\" data-end=\"506\">Mit \u00fcber 20 Jahren Erfahrung steht die Kanzlei Wagner f\u00fcr Integrit\u00e4t, Professionalit\u00e4t und Vertrauen. Wir setzen uns engagiert f\u00fcr Ihre Anliegen ein \u2013 mit individueller Beratung, klarer Kommunikation und umfassender rechtlicher Unterst\u00fctzung.<\/p><p class=\"\" data-start=\"508\" data-end=\"690\">Unser Ziel ist es, komplexe Sachverhalte verst\u00e4ndlich zu machen und gemeinsam mit Ihnen effiziente, praktikable L\u00f6sungen zu finden. Dabei stehen Ihre Interessen stets im Mittelpunkt.<\/p><p class=\"\" data-start=\"692\" data-end=\"921\"><strong data-start=\"692\" data-end=\"771\">Verl\u00e4sslichkeit, Diskretion und Seriosit\u00e4t sind f\u00fcr uns selbstverst\u00e4ndlich.<\/strong><br data-start=\"771\" data-end=\"774\" \/>Unsere Mandanten sch\u00e4tzen nicht nur unsere juristische Kompetenz, sondern auch unsere pers\u00f6nliche Betreuung und das partnerschaftliche Miteinander.<\/p><p class=\"\" data-start=\"923\" data-end=\"1064\"><strong data-start=\"923\" data-end=\"951\">Sprachen &amp; Kommunikation<\/strong><br data-start=\"951\" data-end=\"954\" \/>Unser Team ber\u00e4t Sie in Deutsch, Englisch und Arabisch \u2013 sowohl im pers\u00f6nlichen Gespr\u00e4ch als auch schriftlich.<\/p><p class=\"\" data-start=\"1066\" data-end=\"1261\"><strong data-start=\"1066\" data-end=\"1093\">Rechtsschutz &amp; Honorare<\/strong><br data-start=\"1093\" data-end=\"1096\" \/>Wir kooperieren mit allen g\u00e4ngigen Rechtsschutzversicherungen. Die Verrechnung erfolgt transparent und kundenorientiert \u2013 damit Sie jederzeit den \u00dcberblick behalten.<\/p><p class=\"\" data-start=\"1263\" data-end=\"1506\"><strong data-start=\"1263\" data-end=\"1281\">Ihr Weg zu uns<\/strong><br data-start=\"1281\" data-end=\"1284\" \/>Vereinbaren Sie noch heute einen Beratungstermin \u2013 telefonisch, per E-Mail oder \u00fcber unser Kontaktformular. Wir freuen uns darauf, Sie pers\u00f6nlich kennenzulernen und Sie in Ihren rechtlichen Angelegenheiten zu unterst\u00fctzen.<\/p>\t\t\t\t\t\t\t\t<\/div>\n\t\t\t\t<\/div>\n\t\t\t\t<div class=\"elementor-element elementor-element-18f93d86 elementor-mobile-align-center elementor-invisible elementor-widget elementor-widget-button\" data-id=\"18f93d86\" data-element_type=\"widget\" data-e-type=\"widget\" data-settings=\"{&quot;_animation&quot;:&quot;fadeInDown&quot;}\" data-widget_type=\"button.default\">\n\t\t\t\t<div class=\"elementor-widget-container\">\n\t\t\t\t\t\t\t\t\t<div class=\"elementor-button-wrapper\">\n\t\t\t\t\t<a class=\"elementor-button elementor-button-link elementor-size-md\" href=\"https:\/\/huwagner.com\/en\/kontakt\/\">\n\t\t\t\t\t\t<span class=\"elementor-button-content-wrapper\">\n\t\t\t\t\t\t\t\t\t<span class=\"elementor-button-text\">Kontakt \u27f6<\/span>\n\t\t\t\t\t<\/span>\n\t\t\t\t\t<\/a>\n\t\t\t\t<\/div>\n\t\t\t\t\t\t\t\t<\/div>\n\t\t\t\t<\/div>\n\t\t\t\t<\/div>\n\t\t<div class=\"elementor-element elementor-element-2a2390d2 e-con-full e-flex e-con e-child\" data-id=\"2a2390d2\" data-element_type=\"container\" data-e-type=\"container\">\n\t\t\t\t<div class=\"elementor-element elementor-element-e733a04 elementor-widget elementor-widget-image\" data-id=\"e733a04\" data-element_type=\"widget\" data-e-type=\"widget\" data-widget_type=\"image.default\">\n\t\t\t\t<div class=\"elementor-widget-container\">\n\t\t\t\t\t\t\t\t\t\t\t\t\t\t\t<img decoding=\"async\" src=\"https:\/\/huwagner.com\/wp-content\/uploads\/2025\/03\/HomePage-Practice_Areas-5.jpg\" title=\"HomePage-Practice_Areas-5.jpg\" alt=\"HomePage-Practice_Areas-5.jpg\" loading=\"lazy\" \/>\t\t\t\t\t\t\t\t\t\t\t\t\t\t\t<\/div>\n\t\t\t\t<\/div>\n\t\t\t\t<\/div>\n\t\t\t\t\t<\/div>\n\t\t\t\t<\/div>\n\t\t<div class=\"elementor-element elementor-element-14c99fda e-con-full e-flex e-con e-parent\" data-id=\"14c99fda\" data-element_type=\"container\" data-e-type=\"container\" data-settings=\"{&quot;background_background&quot;:&quot;classic&quot;}\">\n\t\t\t\t<div class=\"elementor-element elementor-element-74b30734 elementor-widget__width-initial elementor-widget-tablet__width-inherit elementor-widget elementor-widget-image\" data-id=\"74b30734\" data-element_type=\"widget\" data-e-type=\"widget\" data-widget_type=\"image.default\">\n\t\t\t\t<div class=\"elementor-widget-container\">\n\t\t\t\t\t\t\t\t\t\t\t\t\t\t\t<img fetchpriority=\"high\" decoding=\"async\" width=\"768\" height=\"1024\" src=\"https:\/\/huwagner.com\/wp-content\/uploads\/2025\/03\/WhatsApp-Bild-2025-03-07-um-13.07.30_eb1bd9df-768x1024.jpg\" class=\"attachment-large size-large wp-image-176\" alt=\"\" srcset=\"https:\/\/huwagner.com\/wp-content\/uploads\/2025\/03\/WhatsApp-Bild-2025-03-07-um-13.07.30_eb1bd9df-768x1024.jpg 768w, https:\/\/huwagner.com\/wp-content\/uploads\/2025\/03\/WhatsApp-Bild-2025-03-07-um-13.07.30_eb1bd9df-225x300.jpg 225w, https:\/\/huwagner.com\/wp-content\/uploads\/2025\/03\/WhatsApp-Bild-2025-03-07-um-13.07.30_eb1bd9df-1152x1536.jpg 1152w, https:\/\/huwagner.com\/wp-content\/uploads\/2025\/03\/WhatsApp-Bild-2025-03-07-um-13.07.30_eb1bd9df-9x12.jpg 9w, https:\/\/huwagner.com\/wp-content\/uploads\/2025\/03\/WhatsApp-Bild-2025-03-07-um-13.07.30_eb1bd9df.jpg 1200w\" sizes=\"(max-width: 768px) 100vw, 768px\" \/>\t\t\t\t\t\t\t\t\t\t\t\t\t\t\t<\/div>\n\t\t\t\t<\/div>\n\t\t<div class=\"elementor-element elementor-element-2faed392 e-con-full e-flex e-con e-child\" data-id=\"2faed392\" data-element_type=\"container\" data-e-type=\"container\">\n\t\t\t\t<div class=\"elementor-element elementor-element-3c862f86 elementor-widget elementor-widget-heading\" data-id=\"3c862f86\" data-element_type=\"widget\" data-e-type=\"widget\" data-widget_type=\"heading.default\">\n\t\t\t\t<div class=\"elementor-widget-container\">\n\t\t\t\t\t<h2 class=\"elementor-heading-title elementor-size-default\">Mag. Hubert Wagner LLM<\/h2>\t\t\t\t<\/div>\n\t\t\t\t<\/div>\n\t\t\t\t<div class=\"elementor-element elementor-element-479bcc24 elementor-widget elementor-widget-text-editor\" data-id=\"479bcc24\" data-element_type=\"widget\" data-e-type=\"widget\" data-widget_type=\"text-editor.default\">\n\t\t\t\t<div class=\"elementor-widget-container\">\n\t\t\t\t\t\t\t\t\t<p data-start=\"33\" data-end=\"431\">Mag. Hubert Wagner ist eingetragener Rechtsanwalt, seine juristische Ausbildung absolvierte er an der Universit\u00e4t Wien mit Schwerpunkt Europarecht. Anschlie\u00dfend erweiterte er sein Fachwissen durch ein <strong data-start=\"332\" data-end=\"386\">Masterstudium (LL.M.) in Intellectual Property Law<\/strong> am Queen Mary Westfield College in London.<\/p><p data-start=\"433\" data-end=\"468\"><strong data-start=\"433\" data-end=\"466\">Ausbildung &amp; Qualifikationen:<\/strong><\/p><ul data-start=\"469\" data-end=\"753\"><li data-start=\"469\" data-end=\"529\">Studium der Rechtswissenschaften an der Universit\u00e4t Wien<\/li><li data-start=\"530\" data-end=\"590\">Diplomarbeit im Europarecht, Sponsion zum Magister juris<\/li><li data-start=\"591\" data-end=\"640\">Absolvierung der Rechtsanwaltspr\u00fcfung in Wien<\/li><li data-start=\"641\" data-end=\"725\">Master of Intellectual Property Law (LL.M.), Queen Mary Westfield College London<\/li><li data-start=\"726\" data-end=\"753\">Ausbildung zum Mediator<\/li><\/ul><p data-start=\"755\" data-end=\"793\"><strong data-start=\"755\" data-end=\"791\"><br \/>Masterstudium:<\/strong><\/p><ul data-start=\"794\" data-end=\"954\"><li data-start=\"794\" data-end=\"822\">Urheber- und Markenrecht<\/li><li data-start=\"823\" data-end=\"855\">Design- und Wettbewerbsrecht<\/li><li data-start=\"856\" data-end=\"885\">Europ\u00e4isches Kartellrecht<\/li><li data-start=\"886\" data-end=\"920\">Regulierung der Musikindustrie<\/li><li data-start=\"921\" data-end=\"954\">Mediation und Streitbeilegung<\/li><\/ul><p data-start=\"956\" data-end=\"1130\" data-is-last-node=\"\" data-is-only-node=\"\">Mit fundierter Expertise und internationaler Ausbildung bietet Mag. Hubert Wagner umfassende rechtliche Beratung und strategische L\u00f6sungen f\u00fcr Unternehmen und Privatpersonen zu nahezu allen Rechtsbereichen.<\/p>\t\t\t\t\t\t\t\t<\/div>\n\t\t\t\t<\/div>\n\t\t\t\t<\/div>\n\t\t\t\t<\/div>\n\t\t\t\t<\/div>\n\t\t","protected":false},"excerpt":{"rendered":"<p>Entdecken Sie unsere Leistungen Zivilrecht Vertr\u00e4ge, Streitigkeiten, Eigentum und Familienangelegenheiten \u2013 wir sch\u00fctzen Ihre Rechte im Zivilrecht. Gesellschaftsrecht Unternehmensgr\u00fcndung, Vertr\u00e4ge, Compliance und Streitigkeiten \u2013 rechtliche Unterst\u00fctzung f\u00fcr den Erfolg Ihres Unternehmens. Einwanderungsrecht Visa, Aufenthalt, Asyl, Staatsb\u00fcrgerschaft und Arbeitserlaubnisse \u2013 wir begleiten Sie durch den Einwanderungsprozess. Immobilienrecht Kauf, Verkauf, Vermietung und Streitigkeiten rund um Immobilien \u2013 [&hellip;]<\/p>\n","protected":false},"author":1,"featured_media":0,"parent":0,"menu_order":0,"comment_status":"closed","ping_status":"closed","template":"elementor_header_footer","meta":{"footnotes":""},"class_list":["post-85","page","type-page","status-publish","hentry"],"_links":{"self":[{"href":"https:\/\/huwagner.com\/en\/wp-json\/wp\/v2\/pages\/85","targetHints":{"allow":["GET"]}}],"collection":[{"href":"https:\/\/huwagner.com\/en\/wp-json\/wp\/v2\/pages"}],"about":[{"href":"https:\/\/huwagner.com\/en\/wp-json\/wp\/v2\/types\/page"}],"author":[{"embeddable":true,"href":"https:\/\/huwagner.com\/en\/wp-json\/wp\/v2\/users\/1"}],"replies":[{"embeddable":true,"href":"https:\/\/huwagner.com\/en\/wp-json\/wp\/v2\/comments?post=85"}],"version-history":[{"count":77,"href":"https:\/\/huwagner.com\/en\/wp-json\/wp\/v2\/pages\/85\/revisions"}],"predecessor-version":[{"id":475,"href":"https:\/\/huwagner.com\/en\/wp-json\/wp\/v2\/pages\/85\/revisions\/475"}],"wp:attachment":[{"href":"https:\/\/huwagner.com\/en\/wp-json\/wp\/v2\/media?parent=85"}],"curies":[{"name":"wp","href":"https:\/\/api.w.org\/{rel}","templated":true}]}}